{"id":547,"date":"2023-10-26T16:52:48","date_gmt":"2023-10-26T14:52:48","guid":{"rendered":"https:\/\/www.legrimoire.fr\/?page_id=547"},"modified":"2025-01-21T15:05:53","modified_gmt":"2025-01-21T14:05:53","slug":"le-grimoire-a-domicile-au-quotidien","status":"publish","type":"page","link":"https:\/\/www.legrimoire.fr\/index.php\/le-grimoire-a-domicile-au-quotidien\/","title":{"rendered":"Le Grimoire \u00e0 domicile au quotidien"},"content":{"rendered":"<div class=\"wp-block-image\">\n<figure class=\"aligncenter size-full\"><img loading=\"lazy\" decoding=\"async\" width=\"183\" height=\"183\" src=\"https:\/\/www.legrimoire.fr\/wp-content\/uploads\/2023\/10\/images.jpg\" alt=\"\" class=\"wp-image-550\" srcset=\"https:\/\/www.legrimoire.fr\/wp-content\/uploads\/2023\/10\/images.jpg 183w, https:\/\/www.legrimoire.fr\/wp-content\/uploads\/2023\/10\/images-150x150.jpg 150w\" sizes=\"auto, (max-width: 183px) 85vw, 183px\" \/><\/figure>\n<\/div>\n\n\n<p class=\"has-text-color has-background\" style=\"color:#8c1b1b;background-color:#fbf5ee\">Le Grimoire vous accompagne au quotidien par la livraison de repas : entr\u00e9e &#8211; plat &#8211; dessert ou entr\u00e9e &#8211; plat ou plat -dessert ou plat tout seul. Id\u00e9al pour les personnes en situation de d\u00e9pendance li\u00e9 \u00e0 l&rsquo;\u00e2ge, \u00e0 un handicap ou une maladie (m\u00eame temporaire).<\/p>\n\n\n\n<p class=\"has-text-color has-background\" style=\"color:#8c1b1b;background-color:#fbf5ee\">Les livraisons se font en liaison froide \u00e0 votre domicile chaque lundi, mercredi et vendredi entre 11h00 et 13h00. Nos produits sont selon votre besoin, mis sous vide ou simplement prot\u00e9g\u00e9s quand il y a consommation imm\u00e9diate.<\/p>\n\n\n<div class=\"wp-block-image\">\n<figure class=\"aligncenter size-full\"><img loading=\"lazy\" decoding=\"async\" width=\"183\" height=\"182\" src=\"https:\/\/www.legrimoire.fr\/wp-content\/uploads\/2023\/10\/istockphoto-1403958307-612x612-1.jpg\" alt=\"\" class=\"wp-image-548\" srcset=\"https:\/\/www.legrimoire.fr\/wp-content\/uploads\/2023\/10\/istockphoto-1403958307-612x612-1.jpg 183w, https:\/\/www.legrimoire.fr\/wp-content\/uploads\/2023\/10\/istockphoto-1403958307-612x612-1-150x150.jpg 150w\" sizes=\"auto, (max-width: 183px) 85vw, 183px\" \/><\/figure>\n<\/div>\n\n\n<p class=\"has-text-color has-background\" style=\"color:#8c1b1b;background-color:#fbf5ee\">Nous vous fournissons en compl\u00e9ment le pain, l&rsquo;eau ou autres besoins selon vos demandes et nos capacit\u00e9s \u00e0 y r\u00e9pondre.<\/p>\n\n\n\n<p class=\"has-text-color has-background\" style=\"color:#8c1b1b;background-color:#fbf5ee\">Nous d\u00e9butons ou arr\u00eatons selon vos besoins sans engagement de votre part sur le long terme.<\/p>\n\n\n<div class=\"wp-block-image\">\n<figure class=\"aligncenter size-full\"><img loading=\"lazy\" decoding=\"async\" width=\"183\" height=\"183\" src=\"https:\/\/www.legrimoire.fr\/wp-content\/uploads\/2023\/10\/repas-a-domicile-senior.jpg\" alt=\"\" class=\"wp-image-549\" srcset=\"https:\/\/www.legrimoire.fr\/wp-content\/uploads\/2023\/10\/repas-a-domicile-senior.jpg 183w, https:\/\/www.legrimoire.fr\/wp-content\/uploads\/2023\/10\/repas-a-domicile-senior-150x150.jpg 150w\" sizes=\"auto, (max-width: 183px) 85vw, 183px\" \/><\/figure>\n<\/div>\n\n\n<p class=\"has-text-color has-background has-link-color wp-elements-fdaed3f0131b8a020c81410b1f1325e1\" style=\"color:#8c1b1b;background-color:#fbf5ee\">T\u00e9l\u00e9charger la fiche de renseignements pour votre inscription \u00e0 notre proposition de portages de repas<\/p>\n\n\n\n<div data-wp-interactive=\"core\/file\" class=\"wp-block-file\"><object data-wp-bind--hidden=\"!state.hasPdfPreview\" hidden class=\"wp-block-file__embed\" data=\"https:\/\/www.legrimoire.fr\/wp-content\/uploads\/2025\/01\/Portage_domicile_inscription.pdf\" type=\"application\/pdf\" style=\"width:100%;height:600px\" aria-label=\"Contenu embarqu\u00e9 Portage_domicile_inscription.\"><\/object><a id=\"wp-block-file--media-8e1db619-41c8-4104-ba63-0505814f2591\" href=\"https:\/\/www.legrimoire.fr\/wp-content\/uploads\/2025\/01\/Portage_domicile_inscription.pdf\">Portage_domicile_inscription<\/a><a href=\"https:\/\/www.legrimoire.fr\/wp-content\/uploads\/2025\/01\/Portage_domicile_inscription.pdf\" class=\"wp-block-file__button wp-element-button\" download aria-describedby=\"wp-block-file--media-8e1db619-41c8-4104-ba63-0505814f2591\">T\u00e9l\u00e9charger<\/a><\/div>\n","protected":false},"excerpt":{"rendered":"<p>Le Grimoire vous accompagne au quotidien par la livraison de repas : entr\u00e9e &#8211; plat &#8211; dessert ou entr\u00e9e &#8211; plat ou plat -dessert ou plat tout seul. Id\u00e9al pour les personnes en situation de d\u00e9pendance li\u00e9 \u00e0 l&rsquo;\u00e2ge, \u00e0 un handicap ou une maladie (m\u00eame temporaire). Les livraisons se font en liaison froide \u00e0 &hellip; <a href=\"https:\/\/www.legrimoire.fr\/index.php\/le-grimoire-a-domicile-au-quotidien\/\" class=\"more-link\">Continuer la lecture<span class=\"screen-reader-text\"> de &laquo;&nbsp;Le Grimoire \u00e0 domicile au quotidien&nbsp;&raquo;<\/span><\/a><\/p>\n","protected":false},"author":1,"featured_media":0,"parent":0,"menu_order":0,"comment_status":"closed","ping_status":"closed","template":"","meta":{"footnotes":""},"class_list":["post-547","page","type-page","status-publish","hentry"],"_links":{"self":[{"href":"https:\/\/www.legrimoire.fr\/index.php\/wp-json\/wp\/v2\/pages\/547","targetHints":{"allow":["GET"]}}],"collection":[{"href":"https:\/\/www.legrimoire.fr\/index.php\/wp-json\/wp\/v2\/pages"}],"about":[{"href":"https:\/\/www.legrimoire.fr\/index.php\/wp-json\/wp\/v2\/types\/page"}],"author":[{"embeddable":true,"href":"https:\/\/www.legrimoire.fr\/index.php\/wp-json\/wp\/v2\/users\/1"}],"replies":[{"embeddable":true,"href":"https:\/\/www.legrimoire.fr\/index.php\/wp-json\/wp\/v2\/comments?post=547"}],"version-history":[{"count":3,"href":"https:\/\/www.legrimoire.fr\/index.php\/wp-json\/wp\/v2\/pages\/547\/revisions"}],"predecessor-version":[{"id":607,"href":"https:\/\/www.legrimoire.fr\/index.php\/wp-json\/wp\/v2\/pages\/547\/revisions\/607"}],"wp:attachment":[{"href":"https:\/\/www.legrimoire.fr\/index.php\/wp-json\/wp\/v2\/media?parent=547"}],"curies":[{"name":"wp","href":"https:\/\/api.w.org\/{rel}","templated":true}]}}