{"id":479,"date":"2023-03-16T09:09:05","date_gmt":"2023-03-16T08:09:05","guid":{"rendered":"https:\/\/www.legrimoire.fr\/?page_id=479"},"modified":"2023-03-16T09:09:05","modified_gmt":"2023-03-16T08:09:05","slug":"le-chausson-aux-pommes-de-gatine","status":"publish","type":"page","link":"https:\/\/www.legrimoire.fr\/index.php\/le-chausson-aux-pommes-de-gatine\/","title":{"rendered":"Le Chausson aux pommes de G\u00e2tine"},"content":{"rendered":"<div class=\"wp-block-image is-style-default\">\n<figure class=\"aligncenter size-full\"><img loading=\"lazy\" decoding=\"async\" width=\"800\" height=\"801\" src=\"https:\/\/www.legrimoire.fr\/wp-content\/uploads\/2023\/03\/CHAUSSON-POMME-8.png\" alt=\"\" class=\"wp-image-478\" srcset=\"https:\/\/www.legrimoire.fr\/wp-content\/uploads\/2023\/03\/CHAUSSON-POMME-8.png 800w, https:\/\/www.legrimoire.fr\/wp-content\/uploads\/2023\/03\/CHAUSSON-POMME-8-300x300.png 300w, https:\/\/www.legrimoire.fr\/wp-content\/uploads\/2023\/03\/CHAUSSON-POMME-8-150x150.png 150w, https:\/\/www.legrimoire.fr\/wp-content\/uploads\/2023\/03\/CHAUSSON-POMME-8-768x769.png 768w\" sizes=\"auto, (max-width: 800px) 85vw, 800px\" \/><figcaption class=\"wp-element-caption\"><strong>Un incontournable du Grimoire<\/strong><\/figcaption><\/figure>\n<\/div>\n\n\n<p class=\"has-text-color has-background\" style=\"color:#8c1b1b;background-color:#fbf5ee\">Chef Jean Pierre a \u00e9t\u00e9 l&rsquo;invit\u00e9 de l&rsquo;\u00e9mission \u00ab\u00a0C\u00f4t\u00e9 Saveurs en Poitou\u00a0\u00bb sur France Bleu Poitou 87,6FM, diffus\u00e9e chaque matin entre 10h et 10h30.<\/p>\n\n\n\n<p class=\"has-text-color has-background\" style=\"color:#8c1b1b;background-color:#fbf5ee\">L&rsquo;occasion d&rsquo;y pr\u00e9senter Le Chausson aux Pommes de G\u00e2tine : p\u00e2tisserie de tradition familiale. <\/p>\n\n\n\n<p class=\"has-text-align-center has-text-color has-background\" style=\"color:#8c1b1b;background-color:#fbf5ee\"><strong>Bonne \u00e9coute<\/strong><\/p>\n\n\n\n<figure class=\"wp-block-audio\"><audio controls src=\"https:\/\/www.legrimoire.fr\/wp-content\/uploads\/2023\/03\/Extrait__Liner-Simul_cote_cuisine_Le_Grimoire-NET_b2619ec1-474e-4fed-b198-13256b88f446_R86A.mp3\"><\/audio><\/figure>\n","protected":false},"excerpt":{"rendered":"<p>Chef Jean Pierre a \u00e9t\u00e9 l&rsquo;invit\u00e9 de l&rsquo;\u00e9mission \u00ab\u00a0C\u00f4t\u00e9 Saveurs en Poitou\u00a0\u00bb sur France Bleu Poitou 87,6FM, diffus\u00e9e chaque matin entre 10h et 10h30. L&rsquo;occasion d&rsquo;y pr\u00e9senter Le Chausson aux Pommes de G\u00e2tine : p\u00e2tisserie de tradition familiale. Bonne \u00e9coute<\/p>\n","protected":false},"author":1,"featured_media":0,"parent":0,"menu_order":0,"comment_status":"closed","ping_status":"closed","template":"","meta":{"footnotes":""},"class_list":["post-479","page","type-page","status-publish","hentry"],"_links":{"self":[{"href":"https:\/\/www.legrimoire.fr\/index.php\/wp-json\/wp\/v2\/pages\/479","targetHints":{"allow":["GET"]}}],"collection":[{"href":"https:\/\/www.legrimoire.fr\/index.php\/wp-json\/wp\/v2\/pages"}],"about":[{"href":"https:\/\/www.legrimoire.fr\/index.php\/wp-json\/wp\/v2\/types\/page"}],"author":[{"embeddable":true,"href":"https:\/\/www.legrimoire.fr\/index.php\/wp-json\/wp\/v2\/users\/1"}],"replies":[{"embeddable":true,"href":"https:\/\/www.legrimoire.fr\/index.php\/wp-json\/wp\/v2\/comments?post=479"}],"version-history":[{"count":1,"href":"https:\/\/www.legrimoire.fr\/index.php\/wp-json\/wp\/v2\/pages\/479\/revisions"}],"predecessor-version":[{"id":481,"href":"https:\/\/www.legrimoire.fr\/index.php\/wp-json\/wp\/v2\/pages\/479\/revisions\/481"}],"wp:attachment":[{"href":"https:\/\/www.legrimoire.fr\/index.php\/wp-json\/wp\/v2\/media?parent=479"}],"curies":[{"name":"wp","href":"https:\/\/api.w.org\/{rel}","templated":true}]}}