{"id":450,"date":"2023-03-02T18:51:07","date_gmt":"2023-03-02T17:51:07","guid":{"rendered":"https:\/\/www.legrimoire.fr\/?page_id=450"},"modified":"2023-03-02T18:51:07","modified_gmt":"2023-03-02T17:51:07","slug":"le-grimoire-visite-la-ferme-des-sens-17","status":"publish","type":"page","link":"https:\/\/www.legrimoire.fr\/index.php\/le-grimoire-visite-la-ferme-des-sens-17\/","title":{"rendered":"Le Grimoire visite La Ferme des Sens (17)"},"content":{"rendered":"\n<p class=\"has-text-color\" style=\"color:#8c1b1b\">Le 1er mars 2023, Le Grimoire a rendu visite \u00e0 son fournisseur de viande porcine, de l\u00e9gumineuses et de plantes aromatiques.<\/p>\n\n\n\n<figure class=\"wp-block-gallery has-nested-images columns-default is-cropped wp-block-gallery-1 is-layout-flex wp-block-gallery-is-layout-flex\">\n<figure class=\"wp-block-image size-large\"><img loading=\"lazy\" decoding=\"async\" width=\"1024\" height=\"888\" data-id=\"453\" src=\"https:\/\/www.legrimoire.fr\/wp-content\/uploads\/2023\/03\/IMG_9038-1024x888.jpg\" alt=\"\" class=\"wp-image-453\" srcset=\"https:\/\/www.legrimoire.fr\/wp-content\/uploads\/2023\/03\/IMG_9038-1024x888.jpg 1024w, https:\/\/www.legrimoire.fr\/wp-content\/uploads\/2023\/03\/IMG_9038-300x260.jpg 300w, https:\/\/www.legrimoire.fr\/wp-content\/uploads\/2023\/03\/IMG_9038-768x666.jpg 768w, https:\/\/www.legrimoire.fr\/wp-content\/uploads\/2023\/03\/IMG_9038-1536x1332.jpg 1536w, https:\/\/www.legrimoire.fr\/wp-content\/uploads\/2023\/03\/IMG_9038-2048x1777.jpg 2048w, https:\/\/www.legrimoire.fr\/wp-content\/uploads\/2023\/03\/IMG_9038-1200x1041.jpg 1200w\" sizes=\"auto, (max-width: 709px) 85vw, (max-width: 909px) 67vw, (max-width: 1362px) 62vw, 840px\" \/><\/figure>\n\n\n\n<figure class=\"wp-block-image size-large\"><img loading=\"lazy\" decoding=\"async\" width=\"1024\" height=\"878\" data-id=\"451\" src=\"https:\/\/www.legrimoire.fr\/wp-content\/uploads\/2023\/03\/IMG_9040-1024x878.jpg\" alt=\"\" class=\"wp-image-451\" srcset=\"https:\/\/www.legrimoire.fr\/wp-content\/uploads\/2023\/03\/IMG_9040-1024x878.jpg 1024w, https:\/\/www.legrimoire.fr\/wp-content\/uploads\/2023\/03\/IMG_9040-300x257.jpg 300w, https:\/\/www.legrimoire.fr\/wp-content\/uploads\/2023\/03\/IMG_9040-768x659.jpg 768w, https:\/\/www.legrimoire.fr\/wp-content\/uploads\/2023\/03\/IMG_9040-1536x1318.jpg 1536w, https:\/\/www.legrimoire.fr\/wp-content\/uploads\/2023\/03\/IMG_9040-2048x1757.jpg 2048w, https:\/\/www.legrimoire.fr\/wp-content\/uploads\/2023\/03\/IMG_9040-1200x1029.jpg 1200w\" sizes=\"auto, (max-width: 709px) 85vw, (max-width: 909px) 67vw, (max-width: 1362px) 62vw, 840px\" \/><\/figure>\n\n\n\n<figure class=\"wp-block-image size-large\"><img loading=\"lazy\" decoding=\"async\" width=\"1024\" height=\"992\" data-id=\"452\" src=\"https:\/\/www.legrimoire.fr\/wp-content\/uploads\/2023\/03\/IMG_9044-1024x992.jpg\" alt=\"\" class=\"wp-image-452\" srcset=\"https:\/\/www.legrimoire.fr\/wp-content\/uploads\/2023\/03\/IMG_9044-1024x992.jpg 1024w, https:\/\/www.legrimoire.fr\/wp-content\/uploads\/2023\/03\/IMG_9044-300x291.jpg 300w, https:\/\/www.legrimoire.fr\/wp-content\/uploads\/2023\/03\/IMG_9044-768x744.jpg 768w, https:\/\/www.legrimoire.fr\/wp-content\/uploads\/2023\/03\/IMG_9044-1536x1489.jpg 1536w, https:\/\/www.legrimoire.fr\/wp-content\/uploads\/2023\/03\/IMG_9044-2048x1985.jpg 2048w, https:\/\/www.legrimoire.fr\/wp-content\/uploads\/2023\/03\/IMG_9044-1200x1163.jpg 1200w\" sizes=\"auto, (max-width: 709px) 85vw, (max-width: 909px) 67vw, (max-width: 1362px) 62vw, 840px\" \/><\/figure>\n<\/figure>\n\n\n\n<p><\/p>\n\n\n\n<p class=\"has-text-color\" style=\"color:#8c1b1b\">En d\u00e9couvrant leur environnement de travail, et leurs outils de production, l&rsquo;objectif \u00e9tait de mieux comprendre leurs d\u00e9marches en agriculture biologique ainsi que leur cheminement vers l&rsquo;agriculture en biodynamie. <\/p>\n\n\n\n<figure class=\"wp-block-gallery has-nested-images columns-default is-cropped wp-block-gallery-2 is-layout-flex wp-block-gallery-is-layout-flex\">\n<figure class=\"wp-block-image size-large\"><img loading=\"lazy\" decoding=\"async\" width=\"1024\" height=\"972\" data-id=\"454\" src=\"https:\/\/www.legrimoire.fr\/wp-content\/uploads\/2023\/03\/IMG_9046-1024x972.jpg\" alt=\"\" class=\"wp-image-454\" srcset=\"https:\/\/www.legrimoire.fr\/wp-content\/uploads\/2023\/03\/IMG_9046-1024x972.jpg 1024w, https:\/\/www.legrimoire.fr\/wp-content\/uploads\/2023\/03\/IMG_9046-300x285.jpg 300w, https:\/\/www.legrimoire.fr\/wp-content\/uploads\/2023\/03\/IMG_9046-768x729.jpg 768w, https:\/\/www.legrimoire.fr\/wp-content\/uploads\/2023\/03\/IMG_9046-1536x1459.jpg 1536w, https:\/\/www.legrimoire.fr\/wp-content\/uploads\/2023\/03\/IMG_9046-2048x1945.jpg 2048w, https:\/\/www.legrimoire.fr\/wp-content\/uploads\/2023\/03\/IMG_9046-1200x1139.jpg 1200w\" sizes=\"auto, (max-width: 709px) 85vw, (max-width: 909px) 67vw, (max-width: 1362px) 62vw, 840px\" \/><\/figure>\n\n\n\n<figure class=\"wp-block-image size-large\"><img loading=\"lazy\" decoding=\"async\" width=\"1024\" height=\"1004\" data-id=\"457\" src=\"https:\/\/www.legrimoire.fr\/wp-content\/uploads\/2023\/03\/IMG_9042-1024x1004.jpg\" alt=\"\" class=\"wp-image-457\" srcset=\"https:\/\/www.legrimoire.fr\/wp-content\/uploads\/2023\/03\/IMG_9042-1024x1004.jpg 1024w, https:\/\/www.legrimoire.fr\/wp-content\/uploads\/2023\/03\/IMG_9042-300x294.jpg 300w, https:\/\/www.legrimoire.fr\/wp-content\/uploads\/2023\/03\/IMG_9042-768x753.jpg 768w, https:\/\/www.legrimoire.fr\/wp-content\/uploads\/2023\/03\/IMG_9042-1200x1176.jpg 1200w, https:\/\/www.legrimoire.fr\/wp-content\/uploads\/2023\/03\/IMG_9042.jpg 1455w\" sizes=\"auto, (max-width: 709px) 85vw, (max-width: 909px) 67vw, (max-width: 1362px) 62vw, 840px\" \/><\/figure>\n\n\n\n<figure class=\"wp-block-image size-large\"><img loading=\"lazy\" decoding=\"async\" width=\"1024\" height=\"979\" data-id=\"459\" src=\"https:\/\/www.legrimoire.fr\/wp-content\/uploads\/2023\/03\/IMG_9045-1024x979.jpg\" alt=\"\" class=\"wp-image-459\" srcset=\"https:\/\/www.legrimoire.fr\/wp-content\/uploads\/2023\/03\/IMG_9045-1024x979.jpg 1024w, https:\/\/www.legrimoire.fr\/wp-content\/uploads\/2023\/03\/IMG_9045-300x287.jpg 300w, https:\/\/www.legrimoire.fr\/wp-content\/uploads\/2023\/03\/IMG_9045-768x734.jpg 768w, https:\/\/www.legrimoire.fr\/wp-content\/uploads\/2023\/03\/IMG_9045-1536x1468.jpg 1536w, https:\/\/www.legrimoire.fr\/wp-content\/uploads\/2023\/03\/IMG_9045-2048x1957.jpg 2048w, https:\/\/www.legrimoire.fr\/wp-content\/uploads\/2023\/03\/IMG_9045-1200x1147.jpg 1200w\" sizes=\"auto, (max-width: 709px) 85vw, (max-width: 909px) 67vw, (max-width: 1362px) 62vw, 840px\" \/><\/figure>\n<\/figure>\n\n\n\n<p><\/p>\n\n\n\n<p class=\"has-text-color\" style=\"color:#8c1b1b\">Partager ainsi les valeurs qui les motivent \u00e0 produire au travers une agriculture respectueuse de l&rsquo;environnement, des animaux, et des hommes et s&rsquo;impr\u00e9gner de leur \u00e9nergie et de ces valeurs pour transformer leurs produits avec respect.<\/p>\n\n\n\n<figure class=\"wp-block-gallery has-nested-images columns-default is-cropped wp-block-gallery-3 is-layout-flex wp-block-gallery-is-layout-flex\">\n<figure class=\"wp-block-image size-large\"><img loading=\"lazy\" decoding=\"async\" width=\"1024\" height=\"983\" data-id=\"461\" src=\"https:\/\/www.legrimoire.fr\/wp-content\/uploads\/2023\/03\/IMG_9048-1024x983.jpg\" alt=\"\" class=\"wp-image-461\" srcset=\"https:\/\/www.legrimoire.fr\/wp-content\/uploads\/2023\/03\/IMG_9048-1024x983.jpg 1024w, https:\/\/www.legrimoire.fr\/wp-content\/uploads\/2023\/03\/IMG_9048-300x288.jpg 300w, https:\/\/www.legrimoire.fr\/wp-content\/uploads\/2023\/03\/IMG_9048-768x738.jpg 768w, https:\/\/www.legrimoire.fr\/wp-content\/uploads\/2023\/03\/IMG_9048-1536x1475.jpg 1536w, https:\/\/www.legrimoire.fr\/wp-content\/uploads\/2023\/03\/IMG_9048-2048x1967.jpg 2048w, https:\/\/www.legrimoire.fr\/wp-content\/uploads\/2023\/03\/IMG_9048-1200x1152.jpg 1200w\" sizes=\"auto, (max-width: 709px) 85vw, (max-width: 909px) 67vw, (max-width: 1362px) 62vw, 840px\" \/><\/figure>\n\n\n\n<figure class=\"wp-block-image size-large\"><img loading=\"lazy\" decoding=\"async\" width=\"1017\" height=\"1024\" data-id=\"460\" src=\"https:\/\/www.legrimoire.fr\/wp-content\/uploads\/2023\/03\/IMG_9047-1017x1024.jpg\" alt=\"\" class=\"wp-image-460\" srcset=\"https:\/\/www.legrimoire.fr\/wp-content\/uploads\/2023\/03\/IMG_9047-1017x1024.jpg 1017w, https:\/\/www.legrimoire.fr\/wp-content\/uploads\/2023\/03\/IMG_9047-298x300.jpg 298w, https:\/\/www.legrimoire.fr\/wp-content\/uploads\/2023\/03\/IMG_9047-150x150.jpg 150w, https:\/\/www.legrimoire.fr\/wp-content\/uploads\/2023\/03\/IMG_9047-768x774.jpg 768w, https:\/\/www.legrimoire.fr\/wp-content\/uploads\/2023\/03\/IMG_9047-1525x1536.jpg 1525w, https:\/\/www.legrimoire.fr\/wp-content\/uploads\/2023\/03\/IMG_9047-2033x2048.jpg 2033w, https:\/\/www.legrimoire.fr\/wp-content\/uploads\/2023\/03\/IMG_9047-1200x1209.jpg 1200w\" sizes=\"auto, (max-width: 709px) 85vw, (max-width: 909px) 67vw, (max-width: 1362px) 62vw, 840px\" \/><\/figure>\n\n\n\n<figure class=\"wp-block-image size-large\"><img loading=\"lazy\" decoding=\"async\" width=\"1024\" height=\"924\" data-id=\"462\" src=\"https:\/\/www.legrimoire.fr\/wp-content\/uploads\/2023\/03\/IMG_9049-1024x924.jpg\" alt=\"\" class=\"wp-image-462\" srcset=\"https:\/\/www.legrimoire.fr\/wp-content\/uploads\/2023\/03\/IMG_9049-1024x924.jpg 1024w, https:\/\/www.legrimoire.fr\/wp-content\/uploads\/2023\/03\/IMG_9049-300x271.jpg 300w, https:\/\/www.legrimoire.fr\/wp-content\/uploads\/2023\/03\/IMG_9049-768x693.jpg 768w, https:\/\/www.legrimoire.fr\/wp-content\/uploads\/2023\/03\/IMG_9049-1536x1385.jpg 1536w, https:\/\/www.legrimoire.fr\/wp-content\/uploads\/2023\/03\/IMG_9049-2048x1847.jpg 2048w, https:\/\/www.legrimoire.fr\/wp-content\/uploads\/2023\/03\/IMG_9049-1200x1082.jpg 1200w\" sizes=\"auto, (max-width: 709px) 85vw, (max-width: 909px) 67vw, (max-width: 1362px) 62vw, 840px\" \/><\/figure>\n<\/figure>\n\n\n\n<h2 class=\"has-text-align-center wp-block-heading\"><a href=\"https:\/\/lafermedessens.fr\/\" data-type=\"URL\" data-id=\"https:\/\/lafermedessens.fr\/\" target=\"_blank\" rel=\"noreferrer noopener\">LA FERME DES SENS &#8211; LES CARRI\u00c8RES &#8211; 17700 VANDRE<\/a><\/h2>\n","protected":false},"excerpt":{"rendered":"<p>Le 1er mars 2023, Le Grimoire a rendu visite \u00e0 son fournisseur de viande porcine, de l\u00e9gumineuses et de plantes aromatiques. En d\u00e9couvrant leur environnement de travail, et leurs outils de production, l&rsquo;objectif \u00e9tait de mieux comprendre leurs d\u00e9marches en agriculture biologique ainsi que leur cheminement vers l&rsquo;agriculture en biodynamie. Partager ainsi les valeurs qui &hellip; <a href=\"https:\/\/www.legrimoire.fr\/index.php\/le-grimoire-visite-la-ferme-des-sens-17\/\" class=\"more-link\">Continuer la lecture<span class=\"screen-reader-text\"> de &laquo;&nbsp;Le Grimoire visite La Ferme des Sens (17)&nbsp;&raquo;<\/span><\/a><\/p>\n","protected":false},"author":1,"featured_media":0,"parent":0,"menu_order":0,"comment_status":"closed","ping_status":"closed","template":"","meta":{"footnotes":""},"class_list":["post-450","page","type-page","status-publish","hentry"],"_links":{"self":[{"href":"https:\/\/www.legrimoire.fr\/index.php\/wp-json\/wp\/v2\/pages\/450","targetHints":{"allow":["GET"]}}],"collection":[{"href":"https:\/\/www.legrimoire.fr\/index.php\/wp-json\/wp\/v2\/pages"}],"about":[{"href":"https:\/\/www.legrimoire.fr\/index.php\/wp-json\/wp\/v2\/types\/page"}],"author":[{"embeddable":true,"href":"https:\/\/www.legrimoire.fr\/index.php\/wp-json\/wp\/v2\/users\/1"}],"replies":[{"embeddable":true,"href":"https:\/\/www.legrimoire.fr\/index.php\/wp-json\/wp\/v2\/comments?post=450"}],"version-history":[{"count":1,"href":"https:\/\/www.legrimoire.fr\/index.php\/wp-json\/wp\/v2\/pages\/450\/revisions"}],"predecessor-version":[{"id":465,"href":"https:\/\/www.legrimoire.fr\/index.php\/wp-json\/wp\/v2\/pages\/450\/revisions\/465"}],"wp:attachment":[{"href":"https:\/\/www.legrimoire.fr\/index.php\/wp-json\/wp\/v2\/media?parent=450"}],"curies":[{"name":"wp","href":"https:\/\/api.w.org\/{rel}","templated":true}]}}