{"id":423,"date":"2023-02-26T16:35:49","date_gmt":"2023-02-26T15:35:49","guid":{"rendered":"https:\/\/www.legrimoire.fr\/?page_id=423"},"modified":"2023-02-26T16:44:46","modified_gmt":"2023-02-26T15:44:46","slug":"martine-derre-serveuse-et-aide-cuisine","status":"publish","type":"page","link":"https:\/\/www.legrimoire.fr\/index.php\/lequipe-du-grimoire\/martine-derre-serveuse-et-aide-cuisine\/","title":{"rendered":"Martine DERRE : Serveuse et Aide cuisine"},"content":{"rendered":"<div class=\"wp-block-image\">\n<figure class=\"aligncenter size-medium\"><img loading=\"lazy\" decoding=\"async\" width=\"295\" height=\"300\" src=\"https:\/\/www.legrimoire.fr\/wp-content\/uploads\/2023\/02\/DERRE-MARTINE-3-295x300.png\" alt=\"\" class=\"wp-image-428\" srcset=\"https:\/\/www.legrimoire.fr\/wp-content\/uploads\/2023\/02\/DERRE-MARTINE-3-295x300.png 295w, https:\/\/www.legrimoire.fr\/wp-content\/uploads\/2023\/02\/DERRE-MARTINE-3-768x780.png 768w, https:\/\/www.legrimoire.fr\/wp-content\/uploads\/2023\/02\/DERRE-MARTINE-3.png 800w\" sizes=\"auto, (max-width: 295px) 85vw, 295px\" \/><\/figure>\n<\/div>\n\n\n<p class=\"has-text-color\" style=\"color:#8c1b1b\">A 56 ans, apr\u00e8s 7,5 ann\u00e9es de service en restauration tout en faisant depuis 18 ans des m\u00e9nages chez des particuliers, Martine DERRE a int\u00e9gr\u00e9 depuis le 1er f\u00e9vrier l\u2019\u00e9quipe du Grimoire.<\/p>\n\n\n<div class=\"wp-block-image\">\n<figure class=\"aligncenter size-medium\"><img loading=\"lazy\" decoding=\"async\" width=\"300\" height=\"300\" src=\"https:\/\/www.legrimoire.fr\/wp-content\/uploads\/2023\/02\/DERRE-MARTINE-1-300x300.png\" alt=\"\" class=\"wp-image-425\" srcset=\"https:\/\/www.legrimoire.fr\/wp-content\/uploads\/2023\/02\/DERRE-MARTINE-1-300x300.png 300w, https:\/\/www.legrimoire.fr\/wp-content\/uploads\/2023\/02\/DERRE-MARTINE-1-150x150.png 150w, https:\/\/www.legrimoire.fr\/wp-content\/uploads\/2023\/02\/DERRE-MARTINE-1-768x769.png 768w, https:\/\/www.legrimoire.fr\/wp-content\/uploads\/2023\/02\/DERRE-MARTINE-1.png 800w\" sizes=\"auto, (max-width: 300px) 85vw, 300px\" \/><\/figure>\n<\/div>\n\n\n<p class=\"has-text-color\" style=\"color:#8c1b1b\">D\u00e9j\u00e0 connue par nos clients lors de prestations en extra, ses missions sont l\u2019aide en cuisine et le service des repas lors des prestations en ext\u00e9rieur (salle, \u00e0 domicile, en plein air, \u2026).<\/p>\n\n\n<div class=\"wp-block-image\">\n<figure class=\"aligncenter size-medium\"><img loading=\"lazy\" decoding=\"async\" width=\"300\" height=\"300\" src=\"https:\/\/www.legrimoire.fr\/wp-content\/uploads\/2023\/02\/DERRE-MARTINE-2-300x300.png\" alt=\"\" class=\"wp-image-427\" srcset=\"https:\/\/www.legrimoire.fr\/wp-content\/uploads\/2023\/02\/DERRE-MARTINE-2-300x300.png 300w, https:\/\/www.legrimoire.fr\/wp-content\/uploads\/2023\/02\/DERRE-MARTINE-2-150x150.png 150w, https:\/\/www.legrimoire.fr\/wp-content\/uploads\/2023\/02\/DERRE-MARTINE-2-768x765.png 768w, https:\/\/www.legrimoire.fr\/wp-content\/uploads\/2023\/02\/DERRE-MARTINE-2.png 800w\" sizes=\"auto, (max-width: 300px) 85vw, 300px\" \/><\/figure>\n<\/div>","protected":false},"excerpt":{"rendered":"<p>A 56 ans, apr\u00e8s 7,5 ann\u00e9es de service en restauration tout en faisant depuis 18 ans des m\u00e9nages chez des particuliers, Martine DERRE a int\u00e9gr\u00e9 depuis le 1er f\u00e9vrier l\u2019\u00e9quipe du Grimoire. D\u00e9j\u00e0 connue par nos clients lors de prestations en extra, ses missions sont l\u2019aide en cuisine et le service des repas lors des &hellip; <a href=\"https:\/\/www.legrimoire.fr\/index.php\/lequipe-du-grimoire\/martine-derre-serveuse-et-aide-cuisine\/\" class=\"more-link\">Continuer la lecture<span class=\"screen-reader-text\"> de &laquo;&nbsp;Martine DERRE : Serveuse et Aide cuisine&nbsp;&raquo;<\/span><\/a><\/p>\n","protected":false},"author":1,"featured_media":0,"parent":416,"menu_order":2,"comment_status":"closed","ping_status":"closed","template":"","meta":{"footnotes":""},"class_list":["post-423","page","type-page","status-publish","hentry"],"_links":{"self":[{"href":"https:\/\/www.legrimoire.fr\/index.php\/wp-json\/wp\/v2\/pages\/423","targetHints":{"allow":["GET"]}}],"collection":[{"href":"https:\/\/www.legrimoire.fr\/index.php\/wp-json\/wp\/v2\/pages"}],"about":[{"href":"https:\/\/www.legrimoire.fr\/index.php\/wp-json\/wp\/v2\/types\/page"}],"author":[{"embeddable":true,"href":"https:\/\/www.legrimoire.fr\/index.php\/wp-json\/wp\/v2\/users\/1"}],"replies":[{"embeddable":true,"href":"https:\/\/www.legrimoire.fr\/index.php\/wp-json\/wp\/v2\/comments?post=423"}],"version-history":[{"count":2,"href":"https:\/\/www.legrimoire.fr\/index.php\/wp-json\/wp\/v2\/pages\/423\/revisions"}],"predecessor-version":[{"id":429,"href":"https:\/\/www.legrimoire.fr\/index.php\/wp-json\/wp\/v2\/pages\/423\/revisions\/429"}],"up":[{"embeddable":true,"href":"https:\/\/www.legrimoire.fr\/index.php\/wp-json\/wp\/v2\/pages\/416"}],"wp:attachment":[{"href":"https:\/\/www.legrimoire.fr\/index.php\/wp-json\/wp\/v2\/media?parent=423"}],"curies":[{"name":"wp","href":"https:\/\/api.w.org\/{rel}","templated":true}]}}