{"id":369,"date":"2023-02-26T10:16:54","date_gmt":"2023-02-26T09:16:54","guid":{"rendered":"https:\/\/www.legrimoire.fr\/?page_id=369"},"modified":"2024-11-09T10:00:55","modified_gmt":"2024-11-09T09:00:55","slug":"nos-menus-pour-vos-repas-de-famille","status":"publish","type":"page","link":"https:\/\/www.legrimoire.fr\/index.php\/les-propositions-de-mijoteries\/nos-menus-pour-vos-repas-de-famille\/","title":{"rendered":"Les Mijoteries se mettent \u00e0 table pour vos r\u00e9ceptions"},"content":{"rendered":"\n<p class=\"has-text-color has-background\" style=\"color:#8c1b1b;background-color:#fbf5ee\">De 6 \u00e0 &#8230; personnes, composer votre menu pour vos repas de famille \u00e0 servir \u00e0 table. Avec ou sans la pr\u00e9sence de nos \u00e9quipes, nos propositions de Mijoteries peuvent \u00eatre adapt\u00e9es \u00e0 vos besoins, n&rsquo;h\u00e9sitez pas \u00e0 prendre contact avec nous au 06 76 31 63 86 ou <a href=\"contact@legrimoire.fr\" data-type=\"URL\" data-id=\"contact@legrimoire.fr\">contact@legrimoire.fr <\/a><\/p>\n\n\n\n<p class=\"has-text-color has-background has-link-color wp-elements-a2ced2048d13666ba2ba6eedfa6744af\" style=\"color:#8c1b1b;background-color:#fbf5ee\"><a href=\"https:\/\/www.legrimoire.fr\/index.php\/le-menu-t0-simplicite-et-plaisirs-a-partager\/\" data-type=\"URL\" data-id=\"https:\/\/www.legrimoire.fr\/index.php\/le-menu-t0-simplicite-et-plaisirs-a-partager\/\" target=\"_blank\" rel=\"noreferrer noopener\">1 &#8211; Menu T0 : un menu complet et simple pour le plaisir de la rencontre.<\/a><\/p>\n\n\n\n<p class=\"has-text-color has-background has-link-color wp-elements-cc4d9f38f6a50bfeb57339d976e8d335\" style=\"color:#8c1b1b;background-color:#fbf5ee\"><a href=\"https:\/\/www.legrimoire.fr\/index.php\/les-propositions-de-mijoteries\/nos-menus-pour-vos-repas-de-famille\/le-menu-t1-pour-mettre-en-eveil-les-papilles\/\" target=\"_blank\" rel=\"noreferrer noopener\">2- Menu T1 :  un menu pour \u00e9moustiller les papilles tout en profitant de l&rsquo;instant.<\/a><\/p>\n\n\n\n<p class=\"has-text-color has-background has-link-color wp-elements-ea4a2fb3958f74c533c37b2a6855e8f6\" style=\"color:#8c1b1b;background-color:#fbf5ee\"><a href=\"https:\/\/www.legrimoire.fr\/index.php\/les-propositions-de-mijoteries\/nos-menus-pour-vos-repas-de-famille\/le-menu-t2-deguster-avec-plaisir\/\" target=\"_blank\" rel=\"noreferrer noopener\">3 &#8211; Menu T2 : un menu pour faire plaisir \u00e0 vos convives avec des saveurs de f\u00eate.<\/a><\/p>\n\n\n\n<p class=\"has-text-color has-background has-link-color wp-elements-4c1fea87243305902ee62d33fef5c1ec\" style=\"color:#8c1b1b;background-color:#fbf5ee\"><a href=\"https:\/\/www.legrimoire.fr\/index.php\/fetes-de-fin-dannee-2024\/\">4 &#8211; Menu des f\u00eates de fin d&rsquo;ann\u00e9e 2024<\/a><\/p>\n\n\n\n<p><\/p>\n","protected":false},"excerpt":{"rendered":"<p>De 6 \u00e0 &#8230; personnes, composer votre menu pour vos repas de famille \u00e0 servir \u00e0 table. Avec ou sans la pr\u00e9sence de nos \u00e9quipes, nos propositions de Mijoteries peuvent \u00eatre adapt\u00e9es \u00e0 vos besoins, n&rsquo;h\u00e9sitez pas \u00e0 prendre contact avec nous au 06 76 31 63 86 ou contact@legrimoire.fr 1 &#8211; Menu T0 : &hellip; <a href=\"https:\/\/www.legrimoire.fr\/index.php\/les-propositions-de-mijoteries\/nos-menus-pour-vos-repas-de-famille\/\" class=\"more-link\">Continuer la lecture<span class=\"screen-reader-text\"> de &laquo;&nbsp;Les Mijoteries se mettent \u00e0 table pour vos r\u00e9ceptions&nbsp;&raquo;<\/span><\/a><\/p>\n","protected":false},"author":1,"featured_media":0,"parent":401,"menu_order":3,"comment_status":"closed","ping_status":"closed","template":"","meta":{"footnotes":""},"class_list":["post-369","page","type-page","status-publish","hentry"],"_links":{"self":[{"href":"https:\/\/www.legrimoire.fr\/index.php\/wp-json\/wp\/v2\/pages\/369","targetHints":{"allow":["GET"]}}],"collection":[{"href":"https:\/\/www.legrimoire.fr\/index.php\/wp-json\/wp\/v2\/pages"}],"about":[{"href":"https:\/\/www.legrimoire.fr\/index.php\/wp-json\/wp\/v2\/types\/page"}],"author":[{"embeddable":true,"href":"https:\/\/www.legrimoire.fr\/index.php\/wp-json\/wp\/v2\/users\/1"}],"replies":[{"embeddable":true,"href":"https:\/\/www.legrimoire.fr\/index.php\/wp-json\/wp\/v2\/comments?post=369"}],"version-history":[{"count":10,"href":"https:\/\/www.legrimoire.fr\/index.php\/wp-json\/wp\/v2\/pages\/369\/revisions"}],"predecessor-version":[{"id":587,"href":"https:\/\/www.legrimoire.fr\/index.php\/wp-json\/wp\/v2\/pages\/369\/revisions\/587"}],"up":[{"embeddable":true,"href":"https:\/\/www.legrimoire.fr\/index.php\/wp-json\/wp\/v2\/pages\/401"}],"wp:attachment":[{"href":"https:\/\/www.legrimoire.fr\/index.php\/wp-json\/wp\/v2\/media?parent=369"}],"curies":[{"name":"wp","href":"https:\/\/api.w.org\/{rel}","templated":true}]}}