{"id":359,"date":"2023-01-03T15:57:54","date_gmt":"2023-01-03T14:57:54","guid":{"rendered":"https:\/\/www.legrimoire.fr\/?page_id=359"},"modified":"2026-01-04T17:23:27","modified_gmt":"2026-01-04T16:23:27","slug":"bonne-annee-2023","status":"publish","type":"page","link":"https:\/\/www.legrimoire.fr\/index.php\/traiteur-restauration-a-domicile-vente-a-emporter\/bonne-annee-2023\/","title":{"rendered":"Bonne Ann\u00e9e 2026"},"content":{"rendered":"\n<figure class=\"wp-block-image size-large\"><img loading=\"lazy\" decoding=\"async\" width=\"1024\" height=\"685\" src=\"https:\/\/www.legrimoire.fr\/wp-content\/uploads\/2026\/01\/NOUVEL-AN-2026-1024x685.jpg\" alt=\"\" class=\"wp-image-645\" srcset=\"https:\/\/www.legrimoire.fr\/wp-content\/uploads\/2026\/01\/NOUVEL-AN-2026-1024x685.jpg 1024w, https:\/\/www.legrimoire.fr\/wp-content\/uploads\/2026\/01\/NOUVEL-AN-2026-300x201.jpg 300w, https:\/\/www.legrimoire.fr\/wp-content\/uploads\/2026\/01\/NOUVEL-AN-2026-768x514.jpg 768w, https:\/\/www.legrimoire.fr\/wp-content\/uploads\/2026\/01\/NOUVEL-AN-2026-1536x1027.jpg 1536w, https:\/\/www.legrimoire.fr\/wp-content\/uploads\/2026\/01\/NOUVEL-AN-2026-1200x803.jpg 1200w, https:\/\/www.legrimoire.fr\/wp-content\/uploads\/2026\/01\/NOUVEL-AN-2026.jpg 1597w\" sizes=\"auto, (max-width: 709px) 85vw, (max-width: 909px) 67vw, (max-width: 1362px) 62vw, 840px\" \/><\/figure>\n\n\n\n<p class=\"has-text-color\" style=\"color:#008c34\">Le Grimoire tient \u00e0 remercier toutes celles et tous ceux qui nous ont fait confiance en 2025 pour :<\/p>\n\n\n\n<ul class=\"wp-block-list\">\n<li>Des repas individuels du quotidien livr\u00e9s \u00e0 domicile<\/li>\n\n\n\n<li>Des repas livr\u00e9s avec ou sans service lors de r\u00e9sidences d&rsquo;artistes, formations artistiques, agricoles, syndicales, sportives, &#8230; et bien d&rsquo;autres.<\/li>\n\n\n\n<li>Des repas, des buffets ou des cocktails dinatoires \u00e0 votre domicile, en salle ou en ext\u00e9rieur pour vos r\u00e9unions de famille : bapt\u00eames, mariages, anniversaires, obs\u00e8ques, &#8230; ou vos r\u00e9unions publiques : inaugurations, s\u00e9minaires, rencontres d&rsquo;\u00e9lus, &#8230;<\/li>\n\n\n\n<li>Des repas ou buffets servis lors de festivals, de s\u00e9minaires d&rsquo;entreprises ou autres groupes de formation sur plusieurs jours.<\/li>\n<\/ul>\n\n\n\n<p class=\"has-text-color has-background\" style=\"color:#008c34;background-color:#fbf5ee\">Nous sommes heureux de vous avoir accompagn\u00e9s de notre mieux sur vos divers \u00e9v\u00e8nements qui ont contribu\u00e9 au d\u00e9veloppement de notre activit\u00e9 et \u00e0 parfaire nos pratiques.<\/p>\n\n\n\n<p class=\"has-text-color has-background\" style=\"color:#008c34;background-color:#fbf5ee\">Retrouvons nous en 2026 en esp\u00e9rant vous g\u00e2ter en douceurs d\u00e9licieuses jusqu&rsquo;\u00e0 l&rsquo;arr\u00eat de nos activit\u00e9s le 31 ao\u00fbt 2026.<\/p>\n","protected":false},"excerpt":{"rendered":"<p>Le Grimoire tient \u00e0 remercier toutes celles et tous ceux qui nous ont fait confiance en 2025 pour : Nous sommes heureux de vous avoir accompagn\u00e9s de notre mieux sur vos divers \u00e9v\u00e8nements qui ont contribu\u00e9 au d\u00e9veloppement de notre activit\u00e9 et \u00e0 parfaire nos pratiques. Retrouvons nous en 2026 en esp\u00e9rant vous g\u00e2ter en &hellip; <a href=\"https:\/\/www.legrimoire.fr\/index.php\/traiteur-restauration-a-domicile-vente-a-emporter\/bonne-annee-2023\/\" class=\"more-link\">Continuer la lecture<span class=\"screen-reader-text\"> de &laquo;&nbsp;Bonne Ann\u00e9e 2026&nbsp;&raquo;<\/span><\/a><\/p>\n","protected":false},"author":1,"featured_media":0,"parent":99,"menu_order":1,"comment_status":"closed","ping_status":"closed","template":"","meta":{"footnotes":""},"class_list":["post-359","page","type-page","status-publish","hentry"],"_links":{"self":[{"href":"https:\/\/www.legrimoire.fr\/index.php\/wp-json\/wp\/v2\/pages\/359","targetHints":{"allow":["GET"]}}],"collection":[{"href":"https:\/\/www.legrimoire.fr\/index.php\/wp-json\/wp\/v2\/pages"}],"about":[{"href":"https:\/\/www.legrimoire.fr\/index.php\/wp-json\/wp\/v2\/types\/page"}],"author":[{"embeddable":true,"href":"https:\/\/www.legrimoire.fr\/index.php\/wp-json\/wp\/v2\/users\/1"}],"replies":[{"embeddable":true,"href":"https:\/\/www.legrimoire.fr\/index.php\/wp-json\/wp\/v2\/comments?post=359"}],"version-history":[{"count":5,"href":"https:\/\/www.legrimoire.fr\/index.php\/wp-json\/wp\/v2\/pages\/359\/revisions"}],"predecessor-version":[{"id":647,"href":"https:\/\/www.legrimoire.fr\/index.php\/wp-json\/wp\/v2\/pages\/359\/revisions\/647"}],"up":[{"embeddable":true,"href":"https:\/\/www.legrimoire.fr\/index.php\/wp-json\/wp\/v2\/pages\/99"}],"wp:attachment":[{"href":"https:\/\/www.legrimoire.fr\/index.php\/wp-json\/wp\/v2\/media?parent=359"}],"curies":[{"name":"wp","href":"https:\/\/api.w.org\/{rel}","templated":true}]}}