{"id":352,"date":"2022-11-27T15:20:20","date_gmt":"2022-11-27T14:20:20","guid":{"rendered":"https:\/\/www.legrimoire.fr\/?page_id=352"},"modified":"2025-01-21T14:51:40","modified_gmt":"2025-01-21T13:51:40","slug":"menus-de-fetes-2022","status":"publish","type":"page","link":"https:\/\/www.legrimoire.fr\/index.php\/menus-de-fetes-2022\/","title":{"rendered":"F\u00eatez la Saint Valentin avec Le Grimoire"},"content":{"rendered":"\n<p class=\"has-text-color\" style=\"color:#8c1b1b\">Vous avez \u00e9t\u00e9 nombreux \u00e0 nous faire confiance lors des f\u00eates de fin d&rsquo;ann\u00e9e 2024, nous vous en remercions.<\/p>\n\n\n<div class=\"wp-block-image\">\n<figure class=\"aligncenter size-medium\"><img loading=\"lazy\" decoding=\"async\" width=\"300\" height=\"300\" src=\"https:\/\/www.legrimoire.fr\/wp-content\/uploads\/2025\/01\/coeur-cupidon-st-valentin-300x300.png\" alt=\"\" class=\"wp-image-596\" srcset=\"https:\/\/www.legrimoire.fr\/wp-content\/uploads\/2025\/01\/coeur-cupidon-st-valentin-300x300.png 300w, https:\/\/www.legrimoire.fr\/wp-content\/uploads\/2025\/01\/coeur-cupidon-st-valentin-150x150.png 150w, https:\/\/www.legrimoire.fr\/wp-content\/uploads\/2025\/01\/coeur-cupidon-st-valentin-768x768.png 768w, https:\/\/www.legrimoire.fr\/wp-content\/uploads\/2025\/01\/coeur-cupidon-st-valentin.png 800w\" sizes=\"auto, (max-width: 300px) 85vw, 300px\" \/><\/figure>\n<\/div>\n\n\n<p class=\"has-text-color\" style=\"color:#8c1b1b\"><a href=\"https:\/\/magasin.legrimoire.fr\/index.php?id_product=197&amp;id_product_attribute=19&amp;rewrite=menu-special-saint-valentin&amp;controller=product#\/40-menu_de_st_valentin-sans_mise_en_bouche\">Le Grimoire vous propose de f\u00eater la Saint Valentin avec des propositions simples, pleines de saveurs, de douceurs que nous pr\u00e9parerons avec amour et professionnalisme.<\/a><\/p>\n\n\n\n<figure class=\"wp-block-image size-large\"><a href=\"https:\/\/magasin.legrimoire.fr\/index.php?id_product=197&amp;id_product_attribute=19&amp;rewrite=menu-special-saint-valentin&amp;controller=product#\/40-menu_de_st_valentin-sans_mise_en_bouche\"><img loading=\"lazy\" decoding=\"async\" width=\"690\" height=\"1024\" src=\"https:\/\/www.legrimoire.fr\/wp-content\/uploads\/2025\/01\/PUB-ST-VALENTIN-2025-690x1024.jpg\" alt=\"\" class=\"wp-image-599\" srcset=\"https:\/\/www.legrimoire.fr\/wp-content\/uploads\/2025\/01\/PUB-ST-VALENTIN-2025-690x1024.jpg 690w, https:\/\/www.legrimoire.fr\/wp-content\/uploads\/2025\/01\/PUB-ST-VALENTIN-2025-202x300.jpg 202w, https:\/\/www.legrimoire.fr\/wp-content\/uploads\/2025\/01\/PUB-ST-VALENTIN-2025-768x1139.jpg 768w, https:\/\/www.legrimoire.fr\/wp-content\/uploads\/2025\/01\/PUB-ST-VALENTIN-2025-1036x1536.jpg 1036w, https:\/\/www.legrimoire.fr\/wp-content\/uploads\/2025\/01\/PUB-ST-VALENTIN-2025.jpg 1101w\" sizes=\"auto, (max-width: 690px) 85vw, 690px\" \/><\/a><\/figure>\n\n\n\n<p class=\"has-text-color has-background\" style=\"color:#8c1b1b;background-color:#fbf5ee\"><a href=\"https:\/\/magasin.legrimoire.fr\/index.php?id_product=197&amp;id_product_attribute=19&amp;rewrite=menu-special-saint-valentin&amp;controller=product#\/40-menu_de_st_valentin-sans_mise_en_bouche\">Le Grimoire aura plaisir \u00e0 vous recevoir pour enl\u00e8vement de vos plats choisis entre 10h00 et 12h00 ou entre 18h00 et 20h00 le 14 f\u00e9vrier 2025.<\/a><\/p>\n\n\n\n<p class=\"has-text-color has-background\" style=\"color:#8c1b1b;background-color:#fbf5ee\"><a href=\"https:\/\/magasin.legrimoire.fr\/index.php?id_product=197&amp;id_product_attribute=19&amp;rewrite=menu-special-saint-valentin&amp;controller=product#\/40-menu_de_st_valentin-sans_mise_en_bouche\">Si nos propositions ne vous satisfaisaient pas pleinement ou n&rsquo;\u00e9taient pas adapt\u00e9es par le contenu ou par le prix, \u00e0 la soir\u00e9e que vous souhaitiez passer : parlons en et tentons de trouver le menu ad\u00e9quat pour une soir\u00e9e conviviale et festive.<\/a><\/p>\n\n\n\n<p class=\"has-text-align-center has-text-color has-background has-medium-font-size\" style=\"color:#8c1b1b;background-color:#fbf5ee\"><strong>Commandez via la boutique en ligne<\/strong><\/p>\n\n\n\n<div class=\"wp-block-buttons is-content-justification-center is-layout-flex wp-container-core-buttons-is-layout-16018d1d wp-block-buttons-is-layout-flex\">\n<div class=\"wp-block-button has-custom-width wp-block-button__width-100 has-custom-font-size is-style-outline has-large-font-size is-style-outline--1\"><a class=\"wp-block-button__link has-text-color has-background has-link-color wp-element-button\" href=\"https:\/\/magasin.legrimoire.fr\/index.php?id_product=197&amp;id_product_attribute=0&amp;rewrite=menu-special-saint-valentin&amp;controller=product\" style=\"color:#008c34;background-color:#fbf5ee\" target=\"_blank\" rel=\"noreferrer noopener\">menu ST VALENTIN<\/a><\/div>\n<\/div>\n","protected":false},"excerpt":{"rendered":"<p>Vous avez \u00e9t\u00e9 nombreux \u00e0 nous faire confiance lors des f\u00eates de fin d&rsquo;ann\u00e9e 2024, nous vous en remercions. Le Grimoire vous propose de f\u00eater la Saint Valentin avec des propositions simples, pleines de saveurs, de douceurs que nous pr\u00e9parerons avec amour et professionnalisme. Le Grimoire aura plaisir \u00e0 vous recevoir pour enl\u00e8vement de vos &hellip; <a href=\"https:\/\/www.legrimoire.fr\/index.php\/menus-de-fetes-2022\/\" class=\"more-link\">Continuer la lecture<span class=\"screen-reader-text\"> de &laquo;&nbsp;F\u00eatez la Saint Valentin avec Le Grimoire&nbsp;&raquo;<\/span><\/a><\/p>\n","protected":false},"author":1,"featured_media":0,"parent":0,"menu_order":0,"comment_status":"closed","ping_status":"closed","template":"","meta":{"footnotes":""},"class_list":["post-352","page","type-page","status-publish","hentry"],"_links":{"self":[{"href":"https:\/\/www.legrimoire.fr\/index.php\/wp-json\/wp\/v2\/pages\/352","targetHints":{"allow":["GET"]}}],"collection":[{"href":"https:\/\/www.legrimoire.fr\/index.php\/wp-json\/wp\/v2\/pages"}],"about":[{"href":"https:\/\/www.legrimoire.fr\/index.php\/wp-json\/wp\/v2\/types\/page"}],"author":[{"embeddable":true,"href":"https:\/\/www.legrimoire.fr\/index.php\/wp-json\/wp\/v2\/users\/1"}],"replies":[{"embeddable":true,"href":"https:\/\/www.legrimoire.fr\/index.php\/wp-json\/wp\/v2\/comments?post=352"}],"version-history":[{"count":8,"href":"https:\/\/www.legrimoire.fr\/index.php\/wp-json\/wp\/v2\/pages\/352\/revisions"}],"predecessor-version":[{"id":602,"href":"https:\/\/www.legrimoire.fr\/index.php\/wp-json\/wp\/v2\/pages\/352\/revisions\/602"}],"wp:attachment":[{"href":"https:\/\/www.legrimoire.fr\/index.php\/wp-json\/wp\/v2\/media?parent=352"}],"curies":[{"name":"wp","href":"https:\/\/api.w.org\/{rel}","templated":true}]}}