{"id":162,"date":"2021-12-01T18:00:20","date_gmt":"2021-12-01T17:00:20","guid":{"rendered":"https:\/\/www.legrimoire.fr\/?page_id=162"},"modified":"2022-05-14T10:28:15","modified_gmt":"2022-05-14T08:28:15","slug":"les-mijoteries-des-fetes-de-fin-dannee","status":"publish","type":"page","link":"https:\/\/www.legrimoire.fr\/index.php\/les-mijoteries-des-fetes-de-fin-dannee\/","title":{"rendered":"Les Mijoteries de l&rsquo;\u00e9t\u00e9"},"content":{"rendered":"\n<p class=\"has-text-color\" style=\"color:#8c1b1b;font-style:normal;font-weight:400\">Retrouvez nous pour vos \u00e9v\u00e8nements de l&rsquo;\u00e9t\u00e9 : anniversaire, mariage, retrouvailles sans raison, festivals, \u2026 quelque soit la raison nous serons ravis de vous accompagner de l&rsquo;ap\u00e9ritif au caf\u00e9 avec nos mises en bouche, buffets d&rsquo;entr\u00e9es, planchas, paellas, m\u00e9choui, buffet de plats chauds ou service \u00e0 table, fromages vari\u00e9s, buffet de desserts.<\/p>\n\n\n\n<figure class=\"wp-block-gallery has-nested-images columns-default is-cropped wp-block-gallery-1 is-layout-flex wp-block-gallery-is-layout-flex\">\n<figure class=\"wp-block-image size-large\"><img loading=\"lazy\" decoding=\"async\" width=\"864\" height=\"800\" data-id=\"220\" src=\"https:\/\/www.legrimoire.fr\/wp-content\/uploads\/2022\/05\/TRIANON.png\" alt=\"\" class=\"wp-image-220\" srcset=\"https:\/\/www.legrimoire.fr\/wp-content\/uploads\/2022\/05\/TRIANON.png 864w, https:\/\/www.legrimoire.fr\/wp-content\/uploads\/2022\/05\/TRIANON-300x278.png 300w, https:\/\/www.legrimoire.fr\/wp-content\/uploads\/2022\/05\/TRIANON-768x711.png 768w\" sizes=\"auto, (max-width: 709px) 85vw, (max-width: 909px) 67vw, (max-width: 1362px) 62vw, 840px\" \/><\/figure>\n\n\n\n<figure class=\"wp-block-image size-large\"><img loading=\"lazy\" decoding=\"async\" width=\"819\" height=\"800\" data-id=\"146\" src=\"https:\/\/www.legrimoire.fr\/wp-content\/uploads\/2021\/11\/FRAISIER-1.png\" alt=\"\" class=\"wp-image-146\" srcset=\"https:\/\/www.legrimoire.fr\/wp-content\/uploads\/2021\/11\/FRAISIER-1.png 819w, https:\/\/www.legrimoire.fr\/wp-content\/uploads\/2021\/11\/FRAISIER-1-300x293.png 300w, https:\/\/www.legrimoire.fr\/wp-content\/uploads\/2021\/11\/FRAISIER-1-768x750.png 768w\" sizes=\"auto, (max-width: 819px) 85vw, 819px\" \/><\/figure>\n\n\n\n<figure class=\"wp-block-image size-large\"><img loading=\"lazy\" decoding=\"async\" width=\"802\" height=\"800\" data-id=\"221\" src=\"https:\/\/www.legrimoire.fr\/wp-content\/uploads\/2022\/05\/CHAUSSON-POMME-9.png\" alt=\"\" class=\"wp-image-221\" srcset=\"https:\/\/www.legrimoire.fr\/wp-content\/uploads\/2022\/05\/CHAUSSON-POMME-9.png 802w, https:\/\/www.legrimoire.fr\/wp-content\/uploads\/2022\/05\/CHAUSSON-POMME-9-300x300.png 300w, https:\/\/www.legrimoire.fr\/wp-content\/uploads\/2022\/05\/CHAUSSON-POMME-9-150x150.png 150w, https:\/\/www.legrimoire.fr\/wp-content\/uploads\/2022\/05\/CHAUSSON-POMME-9-768x766.png 768w\" sizes=\"auto, (max-width: 802px) 85vw, 802px\" \/><\/figure>\n\n\n\n<figure class=\"wp-block-image size-large\"><img loading=\"lazy\" decoding=\"async\" width=\"800\" height=\"799\" data-id=\"222\" src=\"https:\/\/www.legrimoire.fr\/wp-content\/uploads\/2022\/05\/CREME-DESSERT-CHOCOLAT-NOIR.png\" alt=\"\" class=\"wp-image-222\" srcset=\"https:\/\/www.legrimoire.fr\/wp-content\/uploads\/2022\/05\/CREME-DESSERT-CHOCOLAT-NOIR.png 800w, https:\/\/www.legrimoire.fr\/wp-content\/uploads\/2022\/05\/CREME-DESSERT-CHOCOLAT-NOIR-300x300.png 300w, https:\/\/www.legrimoire.fr\/wp-content\/uploads\/2022\/05\/CREME-DESSERT-CHOCOLAT-NOIR-150x150.png 150w, https:\/\/www.legrimoire.fr\/wp-content\/uploads\/2022\/05\/CREME-DESSERT-CHOCOLAT-NOIR-768x767.png 768w\" sizes=\"auto, (max-width: 800px) 85vw, 800px\" \/><\/figure>\n\n\n\n<figure class=\"wp-block-image size-large\"><img loading=\"lazy\" decoding=\"async\" width=\"800\" height=\"799\" data-id=\"223\" src=\"https:\/\/www.legrimoire.fr\/wp-content\/uploads\/2022\/05\/DF0008_TIRAMISU-50-BIO.png\" alt=\"\" class=\"wp-image-223\" srcset=\"https:\/\/www.legrimoire.fr\/wp-content\/uploads\/2022\/05\/DF0008_TIRAMISU-50-BIO.png 800w, https:\/\/www.legrimoire.fr\/wp-content\/uploads\/2022\/05\/DF0008_TIRAMISU-50-BIO-300x300.png 300w, https:\/\/www.legrimoire.fr\/wp-content\/uploads\/2022\/05\/DF0008_TIRAMISU-50-BIO-150x150.png 150w, https:\/\/www.legrimoire.fr\/wp-content\/uploads\/2022\/05\/DF0008_TIRAMISU-50-BIO-768x767.png 768w\" sizes=\"auto, (max-width: 800px) 85vw, 800px\" \/><\/figure>\n\n\n\n<figure class=\"wp-block-image size-large\"><img loading=\"lazy\" decoding=\"async\" width=\"800\" height=\"810\" data-id=\"224\" src=\"https:\/\/www.legrimoire.fr\/wp-content\/uploads\/2022\/05\/DF0009_PARIS-BREST-2.png\" alt=\"\" class=\"wp-image-224\" srcset=\"https:\/\/www.legrimoire.fr\/wp-content\/uploads\/2022\/05\/DF0009_PARIS-BREST-2.png 800w, https:\/\/www.legrimoire.fr\/wp-content\/uploads\/2022\/05\/DF0009_PARIS-BREST-2-296x300.png 296w, https:\/\/www.legrimoire.fr\/wp-content\/uploads\/2022\/05\/DF0009_PARIS-BREST-2-768x778.png 768w\" sizes=\"auto, (max-width: 800px) 85vw, 800px\" \/><\/figure>\n\n\n\n<figure class=\"wp-block-image size-large\"><img loading=\"lazy\" decoding=\"async\" width=\"800\" height=\"789\" data-id=\"225\" src=\"https:\/\/www.legrimoire.fr\/wp-content\/uploads\/2022\/05\/fraisier-3.png\" alt=\"\" class=\"wp-image-225\" srcset=\"https:\/\/www.legrimoire.fr\/wp-content\/uploads\/2022\/05\/fraisier-3.png 800w, https:\/\/www.legrimoire.fr\/wp-content\/uploads\/2022\/05\/fraisier-3-300x296.png 300w, https:\/\/www.legrimoire.fr\/wp-content\/uploads\/2022\/05\/fraisier-3-768x757.png 768w\" sizes=\"auto, (max-width: 800px) 85vw, 800px\" \/><\/figure>\n\n\n\n<figure class=\"wp-block-image size-large\"><img loading=\"lazy\" decoding=\"async\" width=\"854\" height=\"800\" data-id=\"226\" src=\"https:\/\/www.legrimoire.fr\/wp-content\/uploads\/2022\/05\/FRAMBOISIER-2.png\" alt=\"\" class=\"wp-image-226\" srcset=\"https:\/\/www.legrimoire.fr\/wp-content\/uploads\/2022\/05\/FRAMBOISIER-2.png 854w, https:\/\/www.legrimoire.fr\/wp-content\/uploads\/2022\/05\/FRAMBOISIER-2-300x281.png 300w, https:\/\/www.legrimoire.fr\/wp-content\/uploads\/2022\/05\/FRAMBOISIER-2-768x719.png 768w\" sizes=\"auto, (max-width: 709px) 85vw, (max-width: 909px) 67vw, (max-width: 1362px) 62vw, 840px\" \/><\/figure>\n\n\n\n<figure class=\"wp-block-image size-large\"><img loading=\"lazy\" decoding=\"async\" width=\"807\" height=\"800\" data-id=\"227\" src=\"https:\/\/www.legrimoire.fr\/wp-content\/uploads\/2022\/05\/MOELLEUX-CHATAIGNE-ABRICOT-1.png\" alt=\"\" class=\"wp-image-227\" srcset=\"https:\/\/www.legrimoire.fr\/wp-content\/uploads\/2022\/05\/MOELLEUX-CHATAIGNE-ABRICOT-1.png 807w, https:\/\/www.legrimoire.fr\/wp-content\/uploads\/2022\/05\/MOELLEUX-CHATAIGNE-ABRICOT-1-300x297.png 300w, https:\/\/www.legrimoire.fr\/wp-content\/uploads\/2022\/05\/MOELLEUX-CHATAIGNE-ABRICOT-1-150x150.png 150w, https:\/\/www.legrimoire.fr\/wp-content\/uploads\/2022\/05\/MOELLEUX-CHATAIGNE-ABRICOT-1-768x761.png 768w\" sizes=\"auto, (max-width: 807px) 85vw, 807px\" \/><\/figure>\n\n\n\n<figure class=\"wp-block-image size-large\"><img loading=\"lazy\" decoding=\"async\" width=\"800\" height=\"800\" data-id=\"228\" src=\"https:\/\/www.legrimoire.fr\/wp-content\/uploads\/2022\/05\/MOELLEUX-CHATAIGNE-FRAISE-1.png\" alt=\"\" class=\"wp-image-228\" srcset=\"https:\/\/www.legrimoire.fr\/wp-content\/uploads\/2022\/05\/MOELLEUX-CHATAIGNE-FRAISE-1.png 800w, https:\/\/www.legrimoire.fr\/wp-content\/uploads\/2022\/05\/MOELLEUX-CHATAIGNE-FRAISE-1-300x300.png 300w, https:\/\/www.legrimoire.fr\/wp-content\/uploads\/2022\/05\/MOELLEUX-CHATAIGNE-FRAISE-1-150x150.png 150w, https:\/\/www.legrimoire.fr\/wp-content\/uploads\/2022\/05\/MOELLEUX-CHATAIGNE-FRAISE-1-768x768.png 768w\" sizes=\"auto, (max-width: 800px) 85vw, 800px\" \/><\/figure>\n\n\n\n<figure class=\"wp-block-image size-large\"><img loading=\"lazy\" decoding=\"async\" width=\"800\" height=\"802\" data-id=\"229\" src=\"https:\/\/www.legrimoire.fr\/wp-content\/uploads\/2022\/05\/TARTE-BANANE-CHOCOLAT-2.png\" alt=\"\" class=\"wp-image-229\" srcset=\"https:\/\/www.legrimoire.fr\/wp-content\/uploads\/2022\/05\/TARTE-BANANE-CHOCOLAT-2.png 800w, https:\/\/www.legrimoire.fr\/wp-content\/uploads\/2022\/05\/TARTE-BANANE-CHOCOLAT-2-300x300.png 300w, https:\/\/www.legrimoire.fr\/wp-content\/uploads\/2022\/05\/TARTE-BANANE-CHOCOLAT-2-150x150.png 150w, https:\/\/www.legrimoire.fr\/wp-content\/uploads\/2022\/05\/TARTE-BANANE-CHOCOLAT-2-768x770.png 768w\" sizes=\"auto, (max-width: 800px) 85vw, 800px\" \/><\/figure>\n<\/figure>\n\n\n\n<p class=\"has-text-color\" style=\"color:#8c1b1b\">Pour cela, contactez nous au 06 76 31 63 86 ou mail \u00e0 <a href=\"mailto:contact@legrimoire.fr\" target=\"_blank\" rel=\"noreferrer noopener\">contact@legrimoire.fr<\/a><\/p>\n","protected":false},"excerpt":{"rendered":"<p>Retrouvez nous pour vos \u00e9v\u00e8nements de l&rsquo;\u00e9t\u00e9 : anniversaire, mariage, retrouvailles sans raison, festivals, \u2026 quelque soit la raison nous serons ravis de vous accompagner de l&rsquo;ap\u00e9ritif au caf\u00e9 avec nos mises en bouche, buffets d&rsquo;entr\u00e9es, planchas, paellas, m\u00e9choui, buffet de plats chauds ou service \u00e0 table, fromages vari\u00e9s, buffet de desserts. Pour cela, contactez &hellip; <a href=\"https:\/\/www.legrimoire.fr\/index.php\/les-mijoteries-des-fetes-de-fin-dannee\/\" class=\"more-link\">Continuer la lecture<span class=\"screen-reader-text\"> de &laquo;&nbsp;Les Mijoteries de l&rsquo;\u00e9t\u00e9&nbsp;&raquo;<\/span><\/a><\/p>\n","protected":false},"author":1,"featured_media":0,"parent":0,"menu_order":0,"comment_status":"closed","ping_status":"closed","template":"","meta":{"footnotes":""},"class_list":["post-162","page","type-page","status-publish","hentry"],"_links":{"self":[{"href":"https:\/\/www.legrimoire.fr\/index.php\/wp-json\/wp\/v2\/pages\/162","targetHints":{"allow":["GET"]}}],"collection":[{"href":"https:\/\/www.legrimoire.fr\/index.php\/wp-json\/wp\/v2\/pages"}],"about":[{"href":"https:\/\/www.legrimoire.fr\/index.php\/wp-json\/wp\/v2\/types\/page"}],"author":[{"embeddable":true,"href":"https:\/\/www.legrimoire.fr\/index.php\/wp-json\/wp\/v2\/users\/1"}],"replies":[{"embeddable":true,"href":"https:\/\/www.legrimoire.fr\/index.php\/wp-json\/wp\/v2\/comments?post=162"}],"version-history":[{"count":3,"href":"https:\/\/www.legrimoire.fr\/index.php\/wp-json\/wp\/v2\/pages\/162\/revisions"}],"predecessor-version":[{"id":230,"href":"https:\/\/www.legrimoire.fr\/index.php\/wp-json\/wp\/v2\/pages\/162\/revisions\/230"}],"wp:attachment":[{"href":"https:\/\/www.legrimoire.fr\/index.php\/wp-json\/wp\/v2\/media?parent=162"}],"curies":[{"name":"wp","href":"https:\/\/api.w.org\/{rel}","templated":true}]}}